{"id":13,"date":"2012-11-06T19:52:25","date_gmt":"2012-11-06T17:52:25","guid":{"rendered":"http:\/\/localhost:8888\/wachsmuth\/?page_id=13"},"modified":"2020-09-08T09:47:18","modified_gmt":"2020-09-08T08:47:18","slug":"rechtsgebiete","status":"publish","type":"page","link":"https:\/\/www.drwachsmuth.com\/index.php\/rechtsgebiete\/","title":{"rendered":"Rechtsgebiete"},"content":{"rendered":"<h2>Rechtsgebiete<\/h2>\n<p class=\"lead\">[&#8211;column&#8211;]<\/p>\n<p>[&#8211;column&#8211;]<\/p>\n<img decoding=\"async\" class=\"alignnone size-full wp-image-152\" title=\"barbara_wachsmuthn\" src=\"\/wp-content\/uploads\/2016\/03\/barbara_wachsmuth-1.jpg\" alt=\"\" \/>\n<p>[&#8211;column&#8211;]<\/p>\n<h2>Dr. jur. Barbara Wachsmuth<\/h2>\n<p><span style=\"font-size: 15px; font-family: 'Open Sans',;\">Rechtsanw\u00e4ltin<br \/>\nFachanw\u00e4ltin f\u00fcr Verwaltungsrecht<br \/>\nFachanw\u00e4ltin f\u00fcr Bau- und Architektenrecht<\/span><\/p>\n<ul>\n<li>Baubegleitende Rechtsberatung<\/li>\n<li>Bauvertr\u00e4ge aller Art<\/li>\n<li>Werkvertragsrecht<\/li>\n<li>Bautr\u00e4gerrecht<\/li>\n<li>Abrechnung von Architekten- bzw. Ingenieurleistungen<\/li>\n<li>Durchsetzung von Werklohnforderungen<\/li>\n<li>Durchsetzung von Mangelbeseitigungsanspr\u00fcchen und sekund\u00e4re Mangelanspr\u00fcche<\/li>\n<li>Immobilienrecht<\/li>\n<li>Sanierungsrecht<\/li>\n<li>Denkmalschutzrecht<\/li>\n<li>Bauplanungsrecht<\/li>\n<li>Baugenehmigungsrecht<\/li>\n<li>Baunachbarrecht<\/li>\n<li>Bauherrenrecht<\/li>\n<li>Handwerkerrecht<\/li>\n<li>Architektenrecht<\/li>\n<li>Ingenieurrecht alle Fachrichtungen<\/li>\n<li>\u00d6ffentliches Baurecht<\/li>\n<li>Privates Baurecht<\/li>\n<li>Verwaltungsrecht<\/li>\n<li>Umweltrecht<\/li>\n<li>Mobilfunkrecht<\/li>\n<li>Handwerkerrecht<\/li>\n<li>Vergaberecht<\/li>\n<li>Kommunalrecht<\/li>\n<\/ul>\n<p>&nbsp;<\/p>\n<h3>Kontaktdaten<\/h3>\n<p>Tel. +49 (0)7551 301 0914<br \/>\nEmail \u00a0<a class=\"aktuelles_link\" href=\"mailto: info@drwachsmuth.com\">info@drwachsmuth.com<\/a><\/p>\n<p>[&#8211;column&#8211;]<\/p>\n","protected":false},"excerpt":{"rendered":"<p>Rechtsgebiete [&#8211;column&#8211;] [&#8211;column&#8211;] [&#8211;column&#8211;] Dr. jur. Barbara Wachsmuth Rechtsanw\u00e4ltin Fachanw\u00e4ltin f\u00fcr Verwaltungsrecht Fachanw\u00e4ltin f\u00fcr Bau- und Architektenrecht Baubegleitende Rechtsberatung Bauvertr\u00e4ge aller Art Werkvertragsrecht Bautr\u00e4gerrecht Abrechnung von Architekten- bzw. Ingenieurleistungen Durchsetzung von Werklohnforderungen Durchsetzung von Mangelbeseitigungsanspr\u00fcchen und sekund\u00e4re Mangelanspr\u00fcche Immobilienrecht Sanierungsrecht Denkmalschutzrecht Bauplanungsrecht Baugenehmigungsrecht Baunachbarrecht Bauherrenrecht Handwerkerrecht Architektenrecht Ingenieurrecht alle Fachrichtungen \u00d6ffentliches Baurecht Privates Baurecht Verwaltungsrecht&#8230;  <a href=\"https:\/\/www.drwachsmuth.com\/index.php\/rechtsgebiete\/\" class=\"more-link\" title=\"Read Rechtsgebiete\">Read more &raquo;<\/a><\/p>\n","protected":false},"author":1,"featured_media":0,"parent":0,"menu_order":0,"comment_status":"open","ping_status":"open","template":"mehrspalten-layout.php","meta":{"_monsterinsights_skip_tracking":false,"_monsterinsights_sitenote_active":false,"_monsterinsights_sitenote_note":"","_monsterinsights_sitenote_category":0,"footnotes":""},"_links":{"self":[{"href":"https:\/\/www.drwachsmuth.com\/index.php\/wp-json\/wp\/v2\/pages\/13"}],"collection":[{"href":"https:\/\/www.drwachsmuth.com\/index.php\/wp-json\/wp\/v2\/pages"}],"about":[{"href":"https:\/\/www.drwachsmuth.com\/index.php\/wp-json\/wp\/v2\/types\/page"}],"author":[{"embeddable":true,"href":"https:\/\/www.drwachsmuth.com\/index.php\/wp-json\/wp\/v2\/users\/1"}],"replies":[{"embeddable":true,"href":"https:\/\/www.drwachsmuth.com\/index.php\/wp-json\/wp\/v2\/comments?post=13"}],"version-history":[{"count":43,"href":"https:\/\/www.drwachsmuth.com\/index.php\/wp-json\/wp\/v2\/pages\/13\/revisions"}],"predecessor-version":[{"id":545,"href":"https:\/\/www.drwachsmuth.com\/index.php\/wp-json\/wp\/v2\/pages\/13\/revisions\/545"}],"wp:attachment":[{"href":"https:\/\/www.drwachsmuth.com\/index.php\/wp-json\/wp\/v2\/media?parent=13"}],"curies":[{"name":"wp","href":"https:\/\/api.w.org\/{rel}","templated":true}]}}