{"id":2,"date":"2012-11-06T16:15:12","date_gmt":"2012-11-06T14:15:12","guid":{"rendered":"http:\/\/localhost:8888\/wachsmuth\/?page_id=2"},"modified":"2018-05-12T12:56:12","modified_gmt":"2018-05-12T11:56:12","slug":"impressum","status":"publish","type":"page","link":"https:\/\/www.drwachsmuth.com\/index.php\/impressum\/","title":{"rendered":"Impressum"},"content":{"rendered":"<p class=\"lead\">Angaben nach \u00a7 5 Telemediengesetz (TMG) und Angaben nach der Dienstleistungs-Informationspflichten-Verordnung (DL-InfoV)<\/p>\n<p>Dr. Barbara Wachsmuth Rechtsanw\u00e4ltin, Fachanw\u00e4ltin f\u00fcr Verwaltungsrecht und Fachanw\u00e4ltin f\u00fcr Bau- und Architektenrecht<\/p>\n<h3>Kontaktdaten<\/h3>\n<p>Am Sch\u00e4ttlisberg 7<br \/>\n88662 \u00dcberlingen<\/p>\n<p>Tel. +49 07551 &#8211; 3010914<br \/>\nFax. +49 07551 &#8211; 3010978<\/p>\n<p>E-Mail: info@drwachsmuth.com<\/p>\n<h3>Zust\u00e4ndige Kammer und Aufsichtsbeh\u00f6rde <\/h3>\n<p>Rechtsanwaltskammer Freiburg (RAK) &#8211; K\u00f6rperschaft des \u00f6ffentlichen Rechts<br \/>\nvertreten durch den Pr\u00e4sidenten<br \/>\nGartenstr. 21<br \/>\n79098 Freiburg<\/p>\n<h3>Es gelten folgende berufsrechtliche Regelungen<\/h3>\n<p>BRAO (Bundesrechtsanwaltsordnung)<br \/>\nBORA (Berufsordnung f\u00fcr Rechtsanw\u00e4lte)<br \/>\nFAO (Fachanwaltsordnung)<br \/>\nRVG (Gesetz \u00fcber die Verg\u00fctung der Rechtsanw\u00e4lte und Rechtsanw\u00e4ltinnen)<br \/>\nBerufsregeln der Rechtsanw\u00e4lte der Europ\u00e4ischen Gemeinschaft (CCBE)<br \/>\nEuRAG (Gesetz \u00fcber die T\u00e4tigkeit europ\u00e4ischer Rechtsanw\u00e4lte in Deutschland)<br \/>\nDie entsprechenden berufsrechtlichen Vorschriften k\u00f6nnen Sie auf der Homepage der Bundesrechtsanwaltskammer unter der Rubrik &#8220;Informationspflichten gem\u00e4\u00df \u00a7 5 TMG&#8221; abrufen, www.brak.de.<\/p>\n<h3>Angaben zur Berufshaftpflichtversicherung<\/h3>\n<p>Allianz Versicherungs-Aktengesellschaft<br \/>\nDieselstra\u00dfe 6 &#8211; 8<br \/>\n85774 Unterf\u00f6hring<br \/>\nR\u00e4umlicher Geltungsbereich: Deutschland<br \/>\n[&#8211;column&#8211;]<\/p>\n<p>Google Analytics Nutzung deaktivieren oder aktivieren<br \/>\n[ga_optout]<\/p>\n","protected":false},"excerpt":{"rendered":"<p>Angaben nach \u00a7 5 Telemediengesetz (TMG) und Angaben nach der Dienstleistungs-Informationspflichten-Verordnung (DL-InfoV) Dr. Barbara Wachsmuth Rechtsanw\u00e4ltin, Fachanw\u00e4ltin f\u00fcr Verwaltungsrecht und Fachanw\u00e4ltin f\u00fcr Bau- und Architektenrecht Kontaktdaten Am Sch\u00e4ttlisberg 7 88662 \u00dcberlingen Tel. +49 07551 &#8211; 3010914 Fax. +49 07551 &#8211; 3010978 E-Mail: info@drwachsmuth.com Zust\u00e4ndige Kammer und Aufsichtsbeh\u00f6rde Rechtsanwaltskammer Freiburg (RAK) &#8211; K\u00f6rperschaft des \u00f6ffentlichen Rechts&#8230;  <a href=\"https:\/\/www.drwachsmuth.com\/index.php\/impressum\/\" class=\"more-link\" title=\"Read Impressum\">Read more &raquo;<\/a><\/p>\n","protected":false},"author":1,"featured_media":0,"parent":0,"menu_order":0,"comment_status":"open","ping_status":"closed","template":"2spalten-layout.php","meta":{"_monsterinsights_skip_tracking":false,"_monsterinsights_sitenote_active":false,"_monsterinsights_sitenote_note":"","_monsterinsights_sitenote_category":0,"footnotes":""},"_links":{"self":[{"href":"https:\/\/www.drwachsmuth.com\/index.php\/wp-json\/wp\/v2\/pages\/2"}],"collection":[{"href":"https:\/\/www.drwachsmuth.com\/index.php\/wp-json\/wp\/v2\/pages"}],"about":[{"href":"https:\/\/www.drwachsmuth.com\/index.php\/wp-json\/wp\/v2\/types\/page"}],"author":[{"embeddable":true,"href":"https:\/\/www.drwachsmuth.com\/index.php\/wp-json\/wp\/v2\/users\/1"}],"replies":[{"embeddable":true,"href":"https:\/\/www.drwachsmuth.com\/index.php\/wp-json\/wp\/v2\/comments?post=2"}],"version-history":[{"count":15,"href":"https:\/\/www.drwachsmuth.com\/index.php\/wp-json\/wp\/v2\/pages\/2\/revisions"}],"predecessor-version":[{"id":388,"href":"https:\/\/www.drwachsmuth.com\/index.php\/wp-json\/wp\/v2\/pages\/2\/revisions\/388"}],"wp:attachment":[{"href":"https:\/\/www.drwachsmuth.com\/index.php\/wp-json\/wp\/v2\/media?parent=2"}],"curies":[{"name":"wp","href":"https:\/\/api.w.org\/{rel}","templated":true}]}}