{"id":530,"date":"2018-05-12T13:56:55","date_gmt":"2018-05-12T12:56:55","guid":{"rendered":"https:\/\/www.drwachsmuth.com\/?page_id=530"},"modified":"2020-12-08T16:22:51","modified_gmt":"2020-12-08T15:22:51","slug":"datenschutzerklaerung","status":"publish","type":"page","link":"https:\/\/www.drwachsmuth.com\/index.php\/datenschutzerklaerung\/","title":{"rendered":"Datenschutzerkl\u00e4rung"},"content":{"rendered":"<h3>Datenschutzerkl\u00e4rung<\/h3>\n<p class=\"lead\">Verantwortliche Stelle<br \/>\nDiese Website und das Leistungsangebot von drwachsmuth.com (nachfolgend \u201eDr. Wachsmuth\u201c) wird von <\/p>\n<p>Dr. Barbara Wachsmuth Rechtsanw\u00e4ltin,<br \/>\nFachanw\u00e4ltin f\u00fcr Verwaltungsrecht und Fachanw\u00e4ltin f\u00fcr Bau- und Architektenrecht<br \/>\n\u2028Am Sch\u00e4ttlisberg<br \/>\n7\u202888662 \u00dcberlingen<br \/>\n\u2028Tel. +49 07551 \u2013 3010914\u2028<br \/>\nFax. +49 07551 \u2013 3010978<br \/>\nE-Mail: info@drwachsmuth.com\u2028<br \/>\nWeb: https:\/\/www.drwachsmuth.com<\/p>\n<p>betrieben und steht f\u00fcr Interessenten aus Deutschland als Informationsseite zur Verf\u00fcgung.<\/p>\n<h3>Grunds\u00e4tzliches<\/h3>\n<p>2.1 Dr. Wachsmuth nimmt den Schutz Ihrer pers\u00f6nlichen Daten sehr ernst und h\u00e4lt sich strikt an die Regeln der Datenschutzgesetze der Bundesrepublik Deutschland, des Telemediengesetzes und der Datenschutzbestimmungen der Europ\u00e4ischen Union (nachfolgend: \u201edatenschutzrechtliche Vorgaben\u201c).<\/p>\n<p>2.2 Die nachfolgende Erkl\u00e4rung gibt Ihnen einen \u00dcberblick dar\u00fcber, wie Dr. Wachsmuth den Schutz ihrer pers\u00f6nlichen Daten gew\u00e4hrleistet und welche Art von Daten zu welchem Zweck erhoben werden.<\/p>\n<p>2.3 Bei allen datenschutzrechtlichen Fragen und Mitteilungen wenden Sie sich bitte an den Inhaber\/in unter der E-Mail-Adresse info@drwachsmuth.com oder postalisch unter der oben genannten Adresse.<\/p>\n<h3>Personenbezogene Daten<\/h3>\n<p>Zur Kontaktaufnahme via Kontaktformular werden folgende Daten von Ihnen erhoben und gespeichert:<br \/>\nAllgemeine Daten von Interessenten zur Dienstleistung:\u2028<br \/>\nvollst\u00e4ndiger Name\u2028<br \/>\nggfls. Firmenname (falls bekannt)<br \/>\n\u2028E-Mail-Adresse<br \/>\n\u2028vollst\u00e4ndige Rufnummer\u2028<br \/>\ndie Zustimmung zur Datenschutzklausel\u2028<br \/>\nZweck der Erhebung, Verarbeitung und Nutzung<\/p>\n<p>3.1 Die personenbezogenen Daten werden durch Dr. Wachsmuth und ggfls. durch Kooperationspartner ausschlie\u00dflich zu den nachfolgenden Zwecken erhoben, verarbeitet und genutzt:<br \/>\nKontaktaufnahme \u2028Kontaktaufnahme, zur Beratung, zur Anfertigung auftragsgem\u00e4\u00dfer, au\u00dfergerichtlicher Korrespondenz und zur auftragsgem\u00e4\u00dfen Prozessvertretung. <\/p>\n<p>3.2 Zu einem anderen als einem der vorstehend aufgef\u00fchrten Zwecke werden Dr. Wachsmuth und seine Kooperationspartner die personenbezogenen Daten nur nutzen, soweit es gem\u00e4\u00df \u00a7 28 Abs. 2 BDSG zur Wahrung berechtigter Interessen eines Dritten oder zur Abwehr von Gefahren f\u00fcr die staatliche oder \u00f6ffentliche Sicherheit oder zur Verfolgung von Straftaten erforderlich ist.<\/p>\n<p>3.3 Die personenbezogenen Daten werden ausschlie\u00dflich auf Servern in der europ\u00e4ischen Union gespeichert und verarbeitet.<\/p>\n<h3>Ihre Rechte<\/h3>\n<p>4.1 Sie haben jederzeit die M\u00f6glichkeit, Ihre Einwilligung durch entsprechende Mitteilung auf dem Postweg an den Inhaber\/in oder durch elektronische Post an info@drwachsmuth.com f\u00fcr die Zukunft zu widerrufen.<\/p>\n<p>4.2 Sie haben zudem die durch das Bundesdatenschutzgesetz gew\u00e4hrleisteten Rechte auf Auskunft und L\u00f6schung. Diese Rechte sind auszu\u00fcben durch eine Nachricht auf dem Postweg oder durch elektronische Post an info@drwachsmuth.com<\/p>\n<p>4.3 Das Recht auf Auskunft, Berichtigung und L\u00f6schung k\u00f6nnen Sie auch direkt gegen\u00fcber den Kooperationspartnern von Dr. Wachsmuth aus\u00fcben, die Sie kontaktieren.<\/p>\n<h3>Dauer der Datennutzung<\/h3>\n<p>5.1 Die personenbezogenen Daten werden im Falle des Widerrufs Ihrer Einwilligung oder wenn der Zweck der Datennutzung fortgefallen ist, unverz\u00fcglich gel\u00f6scht werden.<\/p>\n<p>5.2 Dr. Wachsmuth wird seine Kooperationspartner von einem gegen\u00fcber Dr. Wachsmuth erkl\u00e4rten Widerruf der Einwilligung unverz\u00fcglich unterrichten. Dr. Wachsmuth hat seine Kooperationspartner verpflichtet, die personenbezogenen Daten unverz\u00fcglich nach Kenntnis des Widerrufs zu l\u00f6schen.<\/p>\n<p>5.3 Dr. Wachsmuth hat Kooperationspartner zudem verpflichtet, Dr. Wachsmuth von einem dem Kooperationspartner gegen\u00fcber erkl\u00e4rten Widerruf unverz\u00fcglich zu unterrichten. Dr. Wachsmuth wird nach Kenntnis von der Erkl\u00e4rung des Widerrufs unverz\u00fcglich die L\u00f6schung der Daten bei sich und ggf. weiteren Kooperationspartnern veranlassen.<\/p>\n<h3>Einsatz von Cookies<\/h3>\n<p>6.1 Einige Dienste dieser Website setzen Cookies ein, um Ihnen einen komfortablen und funktionsreichen Online-Dienst zu bieten und Ihre Berechtigung zur Nutzung des Leistungsangebots zu verifizieren.<\/p>\n<p>6.2 Cookies sind Textdateien, die Informationen enthalten, um wiederkehrende Besucher ausschlie\u00dflich f\u00fcr die Dauer des Besuches auf der Website zu identifizieren. Cookies werden auf der Festplatte Ihres Computers abgespeichert und richten dort keinen Schaden an.<\/p>\n<p>6.3 Die Cookies der Website enthalten pers\u00f6nliche Daten. Cookies ersparen Ihnen die Mehrfacheingabe von Daten, erleichtern die \u00dcbermittlung spezifischer Inhalte und helfen Dr. Wachsmuth bei der Identifizierung besonders popul\u00e4rer Bereiche der Website. So ist Dr. Wachsmuth u.a. in der Lage, die Inhalte der Website genau auf Ihre Bed\u00fcrfnisse abzustimmen.<\/p>\n<p>6.4 Einige Kooperationspartner von Dr. Wachsmuth k\u00f6nnen ebenfalls Cookies auf dieser Website platzieren. Dr. Wachsmuth hat keinen Zugriff auf diese Cookies und kann diese nicht kontrollieren. Zum Beispiel bei der Einbindung von Videos \u00fcber Plattformen wie YouTube werden i.d.R. Cookies genutzt um ein bestm\u00f6gliches Nutzererlebnis zu gew\u00e4hrleisten.<\/p>\n<p>6.5 Sie haben die M\u00f6glichkeit, die Annahme von Cookies in dem Webbrowser zu deaktivieren. Dr. Wachsmuth \u00fcbernimmt keine Verantwortung f\u00fcr die Benutzung von Cookies durch Kooperationspartner.<\/p>\n<h3>Nutzung von Google Analytics<\/h3>\n<p>7.1 Diese Website benutzt Google Analytics, einen Webanalysedienst der Google Inc. (\u201cGoogle\u201d). Google Analytics verwendet sog. \u201cCookies\u201d, Textdateien, die auf Ihrem Computer gespeichert werden und die eine Analyse der Benutzung der Website durch Sie erm\u00f6glichen. Die durch den Cookie erzeugten Informationen \u00fcber Ihre Benutzung dieser Website werden in der Regel an einen Server von Google in den USA \u00fcbertragen und dort gespeichert. Im Falle der Aktivierung der IP-Anonymisierung auf dieser Webseite wird Ihre IP-Adresse von Google jedoch innerhalb von Mitgliedstaaten der Europ\u00e4ischen Union oder in anderen Vertragsstaaten des Abkommens \u00fcber den Europ\u00e4ischen Wirtschaftsraum zuvor gek\u00fcrzt. So wird ihre IP-Adresse anonymisiert f\u00fcr darauf zugreifende Analysedienste.<\/p>\n<p>7.2 Sie k\u00f6nnen die Speicherung der Cookies durch eine entsprechende Einstellung Ihrer Browser-Software verhindern; wir weisen Sie jedoch darauf hin, dass Sie in diesem Fall gegebenenfalls nicht s\u00e4mtliche Funktionen dieser Website vollumf\u00e4nglich werden nutzen k\u00f6nnen. Sie k\u00f6nnen dar\u00fcber hinaus die Erfassung der durch das Cookie erzeugten und auf Ihre Nutzung der Website bezogenen Daten (inkl. Ihrer IP-Adresse) an Google sowie die Verarbeitung dieser Daten durch Google verhindern, indem sie das unter dem folgenden Link verf\u00fcgbare Browser-Plugin herunterladen und installieren: http:\/\/tools.google.com\/dlpage\/gaoptout?hl=de.<\/p>\n<p>7.3 Sie k\u00f6nnen die Erfassung durch Google Analytics verhindern, indem Sie auf folgenden Link klicken. Es wird ein Opt-Out-Cookie gesetzt, das die zuk\u00fcnftige Erfassung Ihrer Daten beim Besuch dieser Website verhindert: Google Analytics deaktivieren.<\/p>\n<p>7.4 N\u00e4here Informationen zu Nutzungsbedingungen und Google Analytics Datenschutz finden Sie unter http:\/\/www.google.com\/analytics\/terms\/de.html bzw. unter https:\/\/www.google.de\/intl\/de\/policies\/. Wir weisen Sie darauf hin, dass auf dieser Website Google Analytics um den Code \u201eanonymizeIp\u201c erweitert wurde, um eine anonymisierte Erfassung von IP-Adressen (sog. IP-Masking) zu gew\u00e4hrleisten.<\/p>\n<h3>Datensicherheit<\/h3>\n<p>Um einen unbefugten Zugang oder eine unbefugte Offenlegung zu verhindern und um die Richtigkeit der Daten zu gew\u00e4hrleisten und die berechtigte Nutzung der Daten sicherzustellen, verwendet Dr. Wachsmuth entsprechende technische und organisatorische Verfahren. Dennoch ist keine elektronische Kommunikation vollkommen sicher. Das bedeutet, dass alle Daten und Informationen, die Sie freiwillig an Dr. Wachsmuth \u00fcbermitteln, von Dritten im Wege einer widerrechtlichen Datenbeschaffung erlangt werden k\u00f6nnten. <\/p>\n<h3>Verweise und Links<\/h3>\n<p>8.1 Bei dem Aufrufen von Internetseiten, auf die im Rahmen dieser Website verwiesen wird, kann erneut nach Angaben wie Name, Anschrift, E-Mail-Adresse, Browsereigenschaften etc. gefragt werden. Diese Datenschutzbestimmung regelt nicht das Erheben, die Weitergabe oder den Umgang personenbezogener Daten durch Dritte.<\/p>\n<p>8.2 Dritte Diensteanbieter k\u00f6nnen abweichende und eigene Bestimmungen im Umgang mit der Erhebung, Verarbeitung und Nutzung von personenbezogenen Daten haben. Es wird daher angeraten, sich auf den Internetseiten Dritter vor Eingabe von personenbezogenen Daten \u00fcber deren Praxis zur Handhabung von personenbezogenen Daten zu informieren.<\/p>\n<p>Stand: 24.05.2017<\/p>\n","protected":false},"excerpt":{"rendered":"<p>Datenschutzerkl\u00e4rung Verantwortliche Stelle Diese Website und das Leistungsangebot von drwachsmuth.com (nachfolgend \u201eDr. Wachsmuth\u201c) wird von Dr. Barbara Wachsmuth Rechtsanw\u00e4ltin, Fachanw\u00e4ltin f\u00fcr Verwaltungsrecht und Fachanw\u00e4ltin f\u00fcr Bau- und Architektenrecht \u2028Am Sch\u00e4ttlisberg 7\u202888662 \u00dcberlingen \u2028Tel. +49 07551 \u2013 3010914\u2028 Fax. +49 07551 \u2013 3010978 E-Mail: info@drwachsmuth.com\u2028 Web: https:\/\/www.drwachsmuth.com betrieben und steht f\u00fcr Interessenten aus Deutschland als Informationsseite&#8230;  <a href=\"https:\/\/www.drwachsmuth.com\/index.php\/datenschutzerklaerung\/\" class=\"more-link\" title=\"Read Datenschutzerkl\u00e4rung\">Read more &raquo;<\/a><\/p>\n","protected":false},"author":2,"featured_media":0,"parent":0,"menu_order":0,"comment_status":"closed","ping_status":"closed","template":"2spalten-layout.php","meta":{"_monsterinsights_skip_tracking":false,"_monsterinsights_sitenote_active":false,"_monsterinsights_sitenote_note":"","_monsterinsights_sitenote_category":0,"footnotes":""},"_links":{"self":[{"href":"https:\/\/www.drwachsmuth.com\/index.php\/wp-json\/wp\/v2\/pages\/530"}],"collection":[{"href":"https:\/\/www.drwachsmuth.com\/index.php\/wp-json\/wp\/v2\/pages"}],"about":[{"href":"https:\/\/www.drwachsmuth.com\/index.php\/wp-json\/wp\/v2\/types\/page"}],"author":[{"embeddable":true,"href":"https:\/\/www.drwachsmuth.com\/index.php\/wp-json\/wp\/v2\/users\/2"}],"replies":[{"embeddable":true,"href":"https:\/\/www.drwachsmuth.com\/index.php\/wp-json\/wp\/v2\/comments?post=530"}],"version-history":[{"count":7,"href":"https:\/\/www.drwachsmuth.com\/index.php\/wp-json\/wp\/v2\/pages\/530\/revisions"}],"predecessor-version":[{"id":548,"href":"https:\/\/www.drwachsmuth.com\/index.php\/wp-json\/wp\/v2\/pages\/530\/revisions\/548"}],"wp:attachment":[{"href":"https:\/\/www.drwachsmuth.com\/index.php\/wp-json\/wp\/v2\/media?parent=530"}],"curies":[{"name":"wp","href":"https:\/\/api.w.org\/{rel}","templated":true}]}}