{"id":8,"date":"2012-11-06T19:38:47","date_gmt":"2012-11-06T17:38:47","guid":{"rendered":"http:\/\/localhost:8888\/wachsmuth\/?page_id=8"},"modified":"2024-09-13T13:15:19","modified_gmt":"2024-09-13T12:15:19","slug":"kanzlei-team","status":"publish","type":"page","link":"https:\/\/www.drwachsmuth.com\/index.php\/kanzlei-team\/","title":{"rendered":"Kanzlei &#038; Team"},"content":{"rendered":"<h2>Die Kanzlei<\/h2>\n<p class=\"lead\">Sie finden uns im Neubaugebiet oberhalb der Zahnstra\u00dfe am Sch\u00e4ttlisberg 7 in \u00dcberlingen.<\/p>\n<h3>B\u00fcrozeiten<\/h3>\n<p>Montag, Dienstag, Donnerstag und Freitag<br \/>\n08:30 Uhr \u2013 12:30 Uhr &amp; 14.00 Uhr \u2013 17.00 Uhr<\/p>\n<p>Mittwoch<br \/>\n08:30 Uhr \u2013 12:30 Uhr<\/p>\n<p>Gerne vereinbaren wir auch einen Termin au\u00dferhalb dieser B\u00fcrozeiten.<\/p>\n<p>[&#8211;column&#8211;]<\/p>\n<h2>Unsere Haltung<\/h2>\n<p>Kooperation, Kompetenz, Einf\u00fchlungsverm\u00f6gen und das Streben nach wirtschaftlich tragbaren L\u00f6sungen sind Grundpfeiler unserer Arbeit.<\/p>\n<p>Unsere au\u00dfergerichtliche, erfolgreiche Erledigungsquote ist gemessen am Branchendurchschnitt au\u00dfergew\u00f6hnlich hoch.<\/p>\n<p>Streitvermeidung durch prozessorientierte Beratung zur Durchsetzung Ihrer Ziele steht im Vordergrund.<\/p>\n<p>Als langj\u00e4hrige Dienstleister und Partner unserer Mandanten \u00fcbernehmen wir neben der begleitenden Beratung die au\u00dfergerichtiche und gerichtliche Interessendurchsetzung. Wir arbeiten interdisziplin\u00e4r.<\/p>\n<p>Zur Entwicklung praktikabler und zielorientierter Projektabl\u00e4ufe und L\u00f6sungen kooperieren wir mit kompetenten Sachverst\u00e4ndigen, falls erforderlich mit Fachingenieuren, Steuerberatern und Wirtschaftspr\u00fcfern sowie Notaren.<\/p>\n<p>Fach\u00fcbergreifende Teamarbeit spart Zeit und Entscheidungssicherheit.<\/p>\n<p>[&#8211;column&#8211;]<\/p>\n<img decoding=\"async\" class=\"alignnone size-full wp-image-150\" title=\"barbara_wachsmuth\" src=\"\/wp-content\/uploads\/2016\/03\/barbara_wachsmuth-1.jpg\" alt=\"\" \/>\n<p>[&#8211;column&#8211;]<\/p>\n<h2>Dr. jur. Barbara Wachsmuth<\/h2>\n<p><span style=\"font-size: 15px; font-family: 'Open Sans',;\">Rechtsanw\u00e4ltin<br \/>\nFachanw\u00e4ltin f\u00fcr Verwaltungsrecht<br \/>\nFachanw\u00e4ltin f\u00fcr Bau- und Architektenrecht <\/span><\/p>\n<table border=\"0\">\n<colgroup>\n<col width=\"25%\" \/>\n<col width=\"75%\" \/> <\/colgroup>\n<tbody>\n<tr>\n<td>09\/86:<\/td>\n<td>2. juristisches Staatsexamen<\/td>\n<\/tr>\n<tr>\n<td>09\/86 \u2013 06\/90:<\/td>\n<td>Leiterin des Rechtsamts und Stadtrechtsr\u00e4tin der Gro\u00dfen Kreisstadt Kornwestheim<\/td>\n<\/tr>\n<tr>\n<td>07\/90 \u2013 02\/94:<\/td>\n<td>Doktorandin und wissenschaftliche Assistentin Lehrstuhl Stein, Universit\u00e4t Konstanz<\/td>\n<\/tr>\n<tr>\n<td>03\/94:<\/td>\n<td>Promotion, Thema: Richterliche Rechtsfortbildung auf dem Gebiet des kommunalen Beitragsrechts nach dem KAG Baden-W\u00fcrttemberg<\/td>\n<\/tr>\n<tr>\n<td>03\/94 \u2013 heute:<\/td>\n<td>Zulassung als Rechtsanw\u00e4ltin<\/td>\n<\/tr>\n<tr>\n<td>09\/96 \u2013 heute:<\/td>\n<td>Fachanw\u00e4ltin f\u00fcr Verwaltungsrecht<\/td>\n<\/tr>\n<tr>\n<td>03\/2015 \u2013 heute:<\/td>\n<td>Fachanw\u00e4ltin f\u00fcr Bau- und Architektenrecht<\/td>\n<\/tr>\n<tr>\n<td>10\/2020 \u2013 heute:<\/td>\n<td>Lehrbeauftragte an der Fachhochschule Konstanz(HTWG), Fachbereich Bauingenieurwesen<\/td>\n<\/tr>\n<tr>\n<td>2018 \u2013 heute:<\/td>\n<td>Fachvortr\u00e4ge f\u00fcr Berufs- und Unternehmensverb\u00e4nde, u.a. die Handwerkskammern Konstanz, Ulm, Waldshut-Tiengen, IHK Konstanz, Handwerker- und Sachverst\u00e4ndigenfachverb\u00e4nde etc.<\/td>\n<\/tr>\n<\/tbody>\n<\/table>\n<h3>Kontaktdaten<\/h3>\n<p>Tel. +49 (0)7551 301 0914<br \/>\nEmail \u00a0<a class=\"aktuelles_link\" href=\"mailto: info@drwachsmuth.com\">info@drwachsmuth.com<\/a><\/p>\n<p>[&#8211;column&#8211;]<\/p>\n<h2>Richard Schmidt<\/h2>\n<p>Rechtsanwalt und freier Mitarbeiter<br \/>\nT\u00e4tigkeitsschwerpunkt:<br \/>\nImmobilienrecht, Bau- und Architektenrecht<\/p>\n<table style=\"height: 262px;\" border=\"0\" width=\"1138\">\n<colgroup>\n<col width=\"25%\" \/>\n<col width=\"75%\" \/> <\/colgroup>\n<tbody>\n<tr>\n<td>07\/19:<\/td>\n<td>1. juristisches Staatsexamen<\/td>\n<\/tr>\n<tr>\n<td>10\/19 \u2013 10\/21:<\/td>\n<td>Referendar am OLG Karlsruhe\/LG Waldshut mit Stationen bei der auf Baurecht spezialisierten 2. Zivilkammer, dem Baurechts- sowie dem Umweltamt des Landratsamtes und einer auf Immobilien-, Bau- und Architektenrecht spezialisierten Rechtsanwaltskanzlei.<\/td>\n<\/tr>\n<tr>\n<td>07\/20 \u2013 12\/21:<\/td>\n<td>Wissenschaftlicher Mitarbeiter einer auf das Bau- und Architektenrecht spezialisierten Kanzlei am Bodensee<\/td>\n<\/tr>\n<tr>\n<td>10\/21<\/td>\n<td>2. juristisches Staatsexamen<\/td>\n<\/tr>\n<tr>\n<td>01\/22 \u2013 06\/23:<\/td>\n<td>Rechtsanwalt bei einer auf das Bau- und Architektenrecht spezialisierten Kanzlei am Bodensee<\/td>\n<\/tr>\n<tr>\n<td>09\/22 \u2013 03\/23:<\/td>\n<td>Erfolgreicher Abschluss des theoretischen Teils des Fachanwaltes Bau- und Architektenrecht<\/td>\n<\/tr>\n<tr>\n<td>07\/2023 \u2013 heute:<\/td>\n<td>Selbst\u00e4ndiger Rechtsanwalt<\/td>\n<\/tr>\n<\/tbody>\n<\/table>\n<h3><\/h3>\n<h3>Kontaktdaten<\/h3>\n<p>Tel. +49 (0)7551 301 0914<br \/>\nEmail \u00a0<a class=\"aktuelles_link\" href=\"mailto: info@drwachsmuth.com\">info@drwachsmuth.com<\/a><\/p>\n<p>[&#8211;column&#8211;]<\/p>\n<a href=\"https:\/\/www.drwachsmuth.com\/wp-content\/uploads\/2023\/07\/11-2023-06-22_15-47-39_75-e1690540924817.jpg\"><img decoding=\"async\" loading=\"lazy\" class=\"alignright wp-image-560 size-large\" src=\"https:\/\/www.drwachsmuth.com\/wp-content\/uploads\/2023\/07\/11-2023-06-22_15-47-39_75-683x1024.jpg\" alt=\"\" width=\"580\" height=\"870\" \/><\/a>\n<p>[&#8211;column&#8211;]<\/p>\n<p><!--\n\n\n<h2>Unser Team<\/h2>\n\n\n&lt;---\n\n[--column--] [--minicolumn--]\n\n\n<div style=\"float: left;\"><a href=\"https:\/\/www.drwachsmuth.com\/wp-content\/uploads\/2023\/07\/hdr_2023-06-22_15-47-47_06-e1690544688736.jpg\"><img decoding=\"async\" loading=\"lazy\" width=\"300\" height=\"450\" class=\"size-full wp-image-562 alignnone\" src=\"https:\/\/www.drwachsmuth.com\/wp-content\/uploads\/2023\/07\/hdr_2023-06-22_15-47-47_06-e1690544688736.jpg\" alt=\"\" \/><\/a>\n\n\n<h3>Tabea Schoch<\/h3>\n\n\n\n\n<h6>Auszubildene Rechtsanwaltsfachangestellte<\/h6>\n\n\n<\/div>\n\n\n[--minicolumn--]\n\n\n<div style=\"float: left;\"><a href=\"https:\/\/www.drwachsmuth.com\/wp-content\/uploads\/2023\/09\/2023-09-15_15-04-28_52-scaled-e1695999417395.jpg\"><img decoding=\"async\" loading=\"lazy\" class=\"alignnone wp-image-586 size-full\" src=\"https:\/\/www.drwachsmuth.com\/wp-content\/uploads\/2023\/09\/2023-09-15_15-04-28_52-scaled-e1695999417395.jpg\" alt=\"\" width=\"300\" height=\"450\" \/><\/a>\n\n\n<h3>Helene Heinrich<\/h3>\n\n\n\n\n<h6>Empfang<\/h6>\n\n\n<\/div>\n\n\n[--minicolumn--]\n\n\n<div style=\"float: left;\"><a href=\"https:\/\/www.drwachsmuth.com\/wp-content\/uploads\/2023\/09\/2023-09-21_17-41-22_91-scaled-e1695999552561.jpg\"><img decoding=\"async\" loading=\"lazy\" class=\"alignnone wp-image-587 size-full\" src=\"https:\/\/www.drwachsmuth.com\/wp-content\/uploads\/2023\/09\/2023-09-21_17-41-22_91-scaled-e1695999552561.jpg\" alt=\"\" width=\"300\" height=\"451\" \/><\/a>\n\n\n<h3>Vincent Gebauer<\/h3>\n\n\n\n\n<h6>Wissenschaftlicher Mitarbeiter<\/h6>\n\n\n<\/div>\n\n\n\n\n<div style=\"clear: left;\"><\/div>\n\n\n-->[&#8211;column&#8211;]<\/p>\n","protected":false},"excerpt":{"rendered":"<p>Die Kanzlei Sie finden uns im Neubaugebiet oberhalb der Zahnstra\u00dfe am Sch\u00e4ttlisberg 7 in \u00dcberlingen. B\u00fcrozeiten Montag, Dienstag, Donnerstag und Freitag 08:30 Uhr \u2013 12:30 Uhr &amp; 14.00 Uhr \u2013 17.00 Uhr Mittwoch 08:30 Uhr \u2013 12:30 Uhr Gerne vereinbaren wir auch einen Termin au\u00dferhalb dieser B\u00fcrozeiten. [&#8211;column&#8211;] Unsere Haltung Kooperation, Kompetenz, Einf\u00fchlungsverm\u00f6gen und das&#8230;  <a href=\"https:\/\/www.drwachsmuth.com\/index.php\/kanzlei-team\/\" class=\"more-link\" title=\"Read Kanzlei &#038; Team\">Read more &raquo;<\/a><\/p>\n","protected":false},"author":1,"featured_media":0,"parent":0,"menu_order":0,"comment_status":"open","ping_status":"open","template":"mehrspalten-layout.php","meta":{"_monsterinsights_skip_tracking":false,"_monsterinsights_sitenote_active":false,"_monsterinsights_sitenote_note":"","_monsterinsights_sitenote_category":0,"footnotes":""},"_links":{"self":[{"href":"https:\/\/www.drwachsmuth.com\/index.php\/wp-json\/wp\/v2\/pages\/8"}],"collection":[{"href":"https:\/\/www.drwachsmuth.com\/index.php\/wp-json\/wp\/v2\/pages"}],"about":[{"href":"https:\/\/www.drwachsmuth.com\/index.php\/wp-json\/wp\/v2\/types\/page"}],"author":[{"embeddable":true,"href":"https:\/\/www.drwachsmuth.com\/index.php\/wp-json\/wp\/v2\/users\/1"}],"replies":[{"embeddable":true,"href":"https:\/\/www.drwachsmuth.com\/index.php\/wp-json\/wp\/v2\/comments?post=8"}],"version-history":[{"count":96,"href":"https:\/\/www.drwachsmuth.com\/index.php\/wp-json\/wp\/v2\/pages\/8\/revisions"}],"predecessor-version":[{"id":613,"href":"https:\/\/www.drwachsmuth.com\/index.php\/wp-json\/wp\/v2\/pages\/8\/revisions\/613"}],"wp:attachment":[{"href":"https:\/\/www.drwachsmuth.com\/index.php\/wp-json\/wp\/v2\/media?parent=8"}],"curies":[{"name":"wp","href":"https:\/\/api.w.org\/{rel}","templated":true}]}}